{"id":18,"date":"2019-07-02T18:38:37","date_gmt":"2019-07-02T18:38:37","guid":{"rendered":"https:\/\/brodomehanika.com\/?page_id=18"},"modified":"2022-11-05T12:01:01","modified_gmt":"2022-11-05T11:01:01","slug":"mercury-servis-centar","status":"publish","type":"page","link":"https:\/\/brodomehanika.com\/en\/mercury-servis-centar\/","title":{"rendered":"Mercury Repair Center"},"content":{"rendered":"<figure class=\"wp-block-image aligncenter size-full\"><img loading=\"lazy\" decoding=\"async\" width=\"1880\" height=\"630\" src=\"https:\/\/brodomehanika.com\/wp-content\/uploads\/2019\/07\/home-page-slider_v-6_2.png__1880x630_q85_autocrop_crop_subject_location-3205752_subsampling-2_upscale.jpg\" alt=\"\" class=\"wp-image-87\" srcset=\"https:\/\/brodomehanika.com\/wp-content\/uploads\/2019\/07\/home-page-slider_v-6_2.png__1880x630_q85_autocrop_crop_subject_location-3205752_subsampling-2_upscale.jpg 1880w, https:\/\/brodomehanika.com\/wp-content\/uploads\/2019\/07\/home-page-slider_v-6_2.png__1880x630_q85_autocrop_crop_subject_location-3205752_subsampling-2_upscale-600x201.jpg 600w, https:\/\/brodomehanika.com\/wp-content\/uploads\/2019\/07\/home-page-slider_v-6_2.png__1880x630_q85_autocrop_crop_subject_location-3205752_subsampling-2_upscale-300x101.jpg 300w, https:\/\/brodomehanika.com\/wp-content\/uploads\/2019\/07\/home-page-slider_v-6_2.png__1880x630_q85_autocrop_crop_subject_location-3205752_subsampling-2_upscale-768x257.jpg 768w, https:\/\/brodomehanika.com\/wp-content\/uploads\/2019\/07\/home-page-slider_v-6_2.png__1880x630_q85_autocrop_crop_subject_location-3205752_subsampling-2_upscale-1024x343.jpg 1024w\" sizes=\"auto, (max-width: 1880px) 100vw, 1880px\" \/><\/figure>\n\n\n\n<h2 class=\"has-x-large-font-size wp-block-heading\"><strong>Mercury Service Center<\/strong><\/h2>\n\n\n\n<p class=\"has-text-color\" style=\"color:#000000;font-size:clamp(14px, 0.875rem + ((1vw - 3.2px) * 0.234), 17px);px\">As an official service with the classification of Mercury Service Center, we guarantee your satisfaction with our services and the experience of working with our technicians.<\/p>\n\n\n\n<p class=\"has-text-color\" style=\"color:#000000;font-size:clamp(14px, 0.875rem + ((1vw - 3.2px) * 0.234), 17px);px\">More than 10 years of successful business and the even greater experience of our technicians have culminated in this most prestigious classification within the Mercury Marine group.<\/p>\n\n\n\n<p class=\"has-text-color\" style=\"color:#000000;font-size:clamp(14px, 0.875rem + ((1vw - 3.2px) * 0.234), 17px);px\">Mercury, Mercruiser, and Volkswagen Marine, all as part of the Mercury Marine group, have recognized and presented Brodomehanika alongside their largest and best services over the decade of our collaboration, thus making it easier for you to choose quality service and maintenance for your boat engines.<\/p>\n\n\n\n<hr class=\"wp-block-separator has-css-opacity is-style-wide\"\/>\n\n\n\n<figure class=\"wp-block-image aligncenter size-large is-resized\"><img loading=\"lazy\" decoding=\"async\" src=\"https:\/\/brodomehanika.com\/wp-content\/uploads\/2019\/09\/Mercury_HiVis_Lockup-e1569487902830-1024x279.png\" alt=\"\" class=\"wp-image-379\" width=\"512\" height=\"140\"\/><\/figure>\n\n\n\n<div class=\"wp-block-columns is-layout-flex wp-container-core-columns-is-layout-1 wp-block-columns-is-layout-flex\">\n<div class=\"wp-block-column is-vertically-aligned-center is-layout-flow wp-block-column-is-layout-flow\">\n<figure class=\"wp-block-image aligncenter size-large is-resized\"><img loading=\"lazy\" decoding=\"async\" src=\"https:\/\/brodomehanika.com\/wp-content\/uploads\/2019\/09\/Mercury_MerCruiser_LU_1C-1024x249.png\" alt=\"\" class=\"wp-image-381\" width=\"380\" height=\"125\"\/><\/figure>\n\n\n\n<p><\/p>\n<\/div>\n\n\n\n<div class=\"wp-block-column is-vertically-aligned-center is-layout-flow wp-block-column-is-layout-flow\">\n<figure class=\"wp-block-image aligncenter size-large is-resized\"><img loading=\"lazy\" decoding=\"async\" src=\"https:\/\/brodomehanika.com\/wp-content\/uploads\/2019\/08\/vwmarine_logo.png\" alt=\"\" class=\"wp-image-296\" width=\"380\" height=\"133\" srcset=\"https:\/\/brodomehanika.com\/wp-content\/uploads\/2019\/08\/vwmarine_logo.png 380w, https:\/\/brodomehanika.com\/wp-content\/uploads\/2019\/08\/vwmarine_logo-300x105.png 300w\" sizes=\"auto, (max-width: 380px) 100vw, 380px\" \/><\/figure>\n\n\n\n<p><\/p>\n<\/div>\n<\/div>\n\n\n\n<hr class=\"wp-block-separator has-css-opacity is-style-wide\"\/>\n\n\n\n<p class=\"has-text-align-center has-text-color has-background\" style=\"color:#000000;background-color:#ffffff;font-size:clamp(14px, 0.875rem + ((1vw - 3.2px) * 0.234), 17px);px\">If you are ready to experience what professional world-class service looks like, visit our service center or get in touch with us, and we will come to you.<\/p>\n\n\n\n<p class=\"has-text-align-center\"><strong>In addition to all our Mercury certificates, we are also certified service providers for Suzuki boat engines. <\/strong><\/p>\n\n\n\n<p><\/p>","protected":false},"excerpt":{"rendered":"<p>Mercury servisni centar Kao slu\u017ebeni servis sa klasifikacijom Mercury servis centar, garantiramo Vam zadovoljstvo na\u0161im uslugama te iskustvom suradnje s na\u0161im serviserima. Vi\u0161e od 10 godina uspje\u0161nog poslovanja te jo\u0161 ve\u0107e iskustvo na\u0161ih servisera kulminiralo je ovom najpresti\u017enijom klasifikacijom unutar Mercury marine grupe. Mercury, Mercruiser i Wolkswagen marine su svi kao dio Mercury marine grupe [&hellip;]<\/p>","protected":false},"author":1,"featured_media":87,"parent":0,"menu_order":0,"comment_status":"closed","ping_status":"closed","template":"page-templates\/full-width.php","meta":{"om_disable_all_campaigns":false,"ngg_post_thumbnail":0,"footnotes":""},"class_list":["post-18","page","type-page","status-publish","has-post-thumbnail","hentry"],"blocksy_meta":{"styles_descriptor":{"styles":{"desktop":"","tablet":"","mobile":""},"google_fonts":[],"version":6}},"aioseo_notices":[],"_links":{"self":[{"href":"https:\/\/brodomehanika.com\/en\/wp-json\/wp\/v2\/pages\/18","targetHints":{"allow":["GET"]}}],"collection":[{"href":"https:\/\/brodomehanika.com\/en\/wp-json\/wp\/v2\/pages"}],"about":[{"href":"https:\/\/brodomehanika.com\/en\/wp-json\/wp\/v2\/types\/page"}],"author":[{"embeddable":true,"href":"https:\/\/brodomehanika.com\/en\/wp-json\/wp\/v2\/users\/1"}],"replies":[{"embeddable":true,"href":"https:\/\/brodomehanika.com\/en\/wp-json\/wp\/v2\/comments?post=18"}],"version-history":[{"count":30,"href":"https:\/\/brodomehanika.com\/en\/wp-json\/wp\/v2\/pages\/18\/revisions"}],"predecessor-version":[{"id":751,"href":"https:\/\/brodomehanika.com\/en\/wp-json\/wp\/v2\/pages\/18\/revisions\/751"}],"wp:featuredmedia":[{"embeddable":true,"href":"https:\/\/brodomehanika.com\/en\/wp-json\/wp\/v2\/media\/87"}],"wp:attachment":[{"href":"https:\/\/brodomehanika.com\/en\/wp-json\/wp\/v2\/media?parent=18"}],"curies":[{"name":"wp","href":"https:\/\/api.w.org\/{rel}","templated":true}]}}