{"id":20,"date":"2019-07-02T18:38:37","date_gmt":"2019-07-02T18:38:37","guid":{"rendered":"https:\/\/brodomehanika.com\/?page_id=20"},"modified":"2024-01-07T13:19:38","modified_gmt":"2024-01-07T12:19:38","slug":"winchmax","status":"publish","type":"page","link":"https:\/\/brodomehanika.com\/en\/winchmax\/","title":{"rendered":"Winchmax"},"content":{"rendered":"<figure class=\"wp-block-image aligncenter size-full is-resized is-style-default\"><img loading=\"lazy\" decoding=\"async\" width=\"2000\" height=\"1000\" src=\"https:\/\/brodomehanika.com\/wp-content\/uploads\/2020\/04\/Winchmax-banner-web.jpg\" alt=\"\" class=\"wp-image-603\" style=\"width:974px;height:auto\" srcset=\"https:\/\/brodomehanika.com\/wp-content\/uploads\/2020\/04\/Winchmax-banner-web.jpg 2000w, https:\/\/brodomehanika.com\/wp-content\/uploads\/2020\/04\/Winchmax-banner-web-300x150.jpg 300w, https:\/\/brodomehanika.com\/wp-content\/uploads\/2020\/04\/Winchmax-banner-web-1024x512.jpg 1024w, https:\/\/brodomehanika.com\/wp-content\/uploads\/2020\/04\/Winchmax-banner-web-768x384.jpg 768w, https:\/\/brodomehanika.com\/wp-content\/uploads\/2020\/04\/Winchmax-banner-web-1536x768.jpg 1536w, https:\/\/brodomehanika.com\/wp-content\/uploads\/2020\/04\/Winchmax-banner-web-600x300.jpg 600w\" sizes=\"auto, (max-width: 2000px) 100vw, 2000px\" \/><\/figure>\n\n\n\n<p class=\"has-text-color has-normal-font-size\" style=\"color:#000000\">As the official distributor of Winchmax winches in the region, Brodomehanika introduces you to one of the largest winch manufacturers in the world. <\/p>\n\n\n\n<p class=\"has-text-color\" style=\"color:#000000\">Winchmax winches are known worldwide for their exceptional quality and robustness, with a highly competitive price and excellent post-purchase support.<\/p>\n\n\n\n<hr class=\"wp-block-separator has-css-opacity is-style-wide\"\/>\n\n\n\n<div class=\"wp-block-group is-layout-flow wp-block-group-is-layout-flow\">\n<p class=\"has-text-align-center has-vivid-red-color has-text-color has-medium-font-size\"><strong>Ako tra\u017eite vitlo za svoj 4X4, ne tra\u017eite dalje,<\/strong><\/p>\n<\/div>\n\n\n\n<div class=\"wp-block-group is-layout-flow wp-block-group-is-layout-flow\">\n<p class=\"has-text-align-center has-vivid-red-color has-text-color has-background has-medium-font-size\" style=\"background-color:#ffffff\"><strong>Winchmax i Brodomehanika imaju vitlo za vas.<\/strong><\/p>\n<\/div>\n\n\n\n<hr class=\"wp-block-separator has-css-opacity is-style-wide\"\/>\n\n\n\n<p class=\"has-text-color has-medium-font-size\" style=\"color:#000000\"><strong>For enthusiasts, by enthusiasts.<\/strong><\/p>\n\n\n\n<p class=\"has-text-color\" style=\"color:#000000\">Our goal is to deliver top-notch, well-engineered, and fully supported products. All Winchmax winches <strong>are guaranteed to pull<\/strong>.<\/p>\n\n\n\n<p class=\"has-text-color\" style=\"color:#000000\">We strive to ensure the provision of customer service above and beyond standard boundaries.<\/p>\n\n\n\n<div style=\"height:30px\" aria-hidden=\"true\" class=\"wp-block-spacer\"><\/div>\n\n\n\n<hr class=\"wp-block-separator has-css-opacity is-style-wide\"\/>\n\n\n\nngg_shortcode_0_placeholder\n\n\n\n<hr class=\"wp-block-separator has-css-opacity is-style-wide\"\/>\n\n\n\n<div class=\"schema-faq wp-block-yoast-faq-block\"><div class=\"schema-faq-section\" id=\"faq-question-1564907233609\"><strong class=\"schema-faq-question\">Which types of vehicles can Winchmax winches be installed on?<\/strong> <p class=\"schema-faq-answer\">Winchmax manufactures winches for all-terrain vehicles, as well as for ATVs and boats.<\/p> <\/div> <div class=\"schema-faq-section\" id=\"faq-question-1564908726302\"><strong class=\"schema-faq-question\">How long is the warranty on Winchmax winches?<\/strong> <p class=\"schema-faq-answer\">All winches come with a 24-month warranty for private use or 12 months for commercial use.<\/p> <\/div> <\/div>\n\n\n\n<hr class=\"wp-block-separator has-css-opacity is-style-wide\"\/>\n\n\n\n<p class=\"has-text-color\" style=\"color:#000000\">Below, you can find the product catalog. For more detailed information or a quote, please contact us or check out our offerings on our Nju\u0161kalo store.<\/p>\n\n\n\n<div class=\"wp-block-columns are-vertically-aligned-center is-layout-flex wp-container-core-columns-is-layout-1 wp-block-columns-is-layout-flex\">\n<div class=\"wp-block-column is-vertically-aligned-center is-layout-constrained wp-block-column-is-layout-constrained\">\n<div class=\"wp-block-button is-style-squared\"><a class=\"wp-block-button__link has-vivid-red-background-color has-background has-text-align-center wp-element-button\" href=\"https:\/\/www.njuskalo.hr\/trgovina\/brodomehanika\">Nju\u0161kalo store<\/a><\/div>\n<\/div>\n\n\n\n<div class=\"wp-block-column is-vertically-aligned-center is-layout-constrained wp-block-column-is-layout-constrained\">\n<div class=\"wp-block-button is-style-squared\"><a class=\"wp-block-button__link has-vivid-red-background-color has-background has-text-align-center wp-element-button\" href=\"https:\/\/brodomehanika.com\/en\/kontakt\/\">Contact<\/a><\/div>\n<\/div>\n<\/div>\n\n\n\n<hr class=\"wp-block-separator has-css-opacity is-style-wide\"\/>\n\n\n\n<h2 class=\"wp-block-heading\" id=\"katalog\">Catalog<\/h2>\n\n\n\n<p><\/p>","protected":false},"excerpt":{"rendered":"<p>Kao slu\u017ebeni distributer Winchmax vitala u regiji, Brodomehanika Vam predstavlja jednog od najve\u010dih proizvo\u0111a\u010da vitala u svijetu. Winchmax vitla su poznata po cijelom svijetu kao iznimno kvalitetna i robusna vitla s veoma konkurentom cijenom, te odli\u010dnom podr\u0161kom nakon kupnje. Ako tra\u017eite vitlo za svoj 4X4, ne tra\u017eite dalje, Winchmax i Brodomehanika imaju vitlo za vas. [&hellip;]<\/p>","protected":false},"author":1,"featured_media":112,"parent":0,"menu_order":4,"comment_status":"closed","ping_status":"closed","template":"","meta":{"om_disable_all_campaigns":false,"ngg_post_thumbnail":0,"footnotes":""},"class_list":["post-20","page","type-page","status-publish","has-post-thumbnail","hentry"],"blocksy_meta":[],"aioseo_notices":[],"_links":{"self":[{"href":"https:\/\/brodomehanika.com\/en\/wp-json\/wp\/v2\/pages\/20","targetHints":{"allow":["GET"]}}],"collection":[{"href":"https:\/\/brodomehanika.com\/en\/wp-json\/wp\/v2\/pages"}],"about":[{"href":"https:\/\/brodomehanika.com\/en\/wp-json\/wp\/v2\/types\/page"}],"author":[{"embeddable":true,"href":"https:\/\/brodomehanika.com\/en\/wp-json\/wp\/v2\/users\/1"}],"replies":[{"embeddable":true,"href":"https:\/\/brodomehanika.com\/en\/wp-json\/wp\/v2\/comments?post=20"}],"version-history":[{"count":27,"href":"https:\/\/brodomehanika.com\/en\/wp-json\/wp\/v2\/pages\/20\/revisions"}],"predecessor-version":[{"id":861,"href":"https:\/\/brodomehanika.com\/en\/wp-json\/wp\/v2\/pages\/20\/revisions\/861"}],"wp:featuredmedia":[{"embeddable":true,"href":"https:\/\/brodomehanika.com\/en\/wp-json\/wp\/v2\/media\/112"}],"wp:attachment":[{"href":"https:\/\/brodomehanika.com\/en\/wp-json\/wp\/v2\/media?parent=20"}],"curies":[{"name":"wp","href":"https:\/\/api.w.org\/{rel}","templated":true}]}}