{"id":21,"date":"2019-07-02T18:38:37","date_gmt":"2019-07-02T18:38:37","guid":{"rendered":"https:\/\/brodomehanika.com\/?page_id=21"},"modified":"2024-01-07T13:05:22","modified_gmt":"2024-01-07T12:05:22","slug":"kontakt","status":"publish","type":"page","link":"https:\/\/brodomehanika.com\/en\/kontakt\/","title":{"rendered":"Contact"},"content":{"rendered":"<h2 class=\"wp-block-heading\">General inquiry<\/h2>\n\n\n\n<div class=\"wp-block-jetpack-contact-info\">\n<h4 class=\"has-text-align-left\" id=\"e-mail\">E-mail<\/h4>\n<div class=\"wp-block-jetpack-email\"><a href=\"mailto:brodomehanika@brodomehanika.com\">brodomehanika@brodomehanika.com<\/a><\/div>\n<div class=\"wp-block-jetpack-email\"><a href=\"mailto:servis@brodomehanika.com\">servis@brodomehanika.com<\/a><\/div>\n<hr class=\"wp-block-separator is-style-wide\"\/>\n<h4>Cellphone no.<\/h4>\n<div class=\"wp-block-jetpack-phone\"><span class=\"phone-prefix\">(<\/span><a href=\"tel:+385917849140\">+385) 91\/784-9140<\/a><\/div>\n<div class=\"wp-block-jetpack-phone\"><span class=\"phone-prefix\">(<\/span><a href=\"tel:+385912098701\">+385) 91\/209-8701<\/a><\/div>\n<hr class=\"wp-block-separator is-style-wide\"\/>\n<h4>Address<\/h4>\n<div class=\"wp-block-jetpack-address\"><a href=\"https:\/\/www.google.com\/maps\/search\/Polji\u010dka+cesta 66,+Podstrana,+Splitsko-Dalmatinska \u017dupanija,+21312+Hrvatska\" target=\"_blank\" rel=\"noopener noreferrer\" title=\"Open address in Google Maps\"><div class=\"jetpack-address__address jetpack-address__address1\">Polji\u010dka cesta 66<\/div><div><span class=\"jetpack-address__city\">Podstrana<\/span>, <span class=\"jetpack-address__region\">Splitsko-Dalmatinska \u017dupanija<\/span> <span class=\"jetpack-address__postal\">21312<\/span><\/div><div class=\"jetpack-address__country\">Hrvatska<\/div><\/a><\/div>\n<hr class=\"wp-block-separator is-style-wide\"\/>\n<div style=\"height:25px\" aria-hidden=\"true\" class=\"wp-block-spacer\"><\/div>\n<h4 id=\"radno-vrijeme\">Work hours<\/h4>\n<div>Mon - Fri: 08:00 - 16:00<\/div>\n<div>Sat - Sun: Closed<\/div>\n<\/div>\n\n\n\n<div style=\"height:50px\" aria-hidden=\"true\" class=\"wp-block-spacer\"><\/div>\n\n\n\n<iframe src=\"https:\/\/www.google.com\/maps\/embed?pb=!1m18!1m12!1m3!1d2893.5246185928327!2d16.53688987730151!3d43.51225166153382!2m3!1f0!2f0!3f0!3m2!1i1024!2i768!4f13.1!3m3!1m2!1s0x134aa07466fc7a49%3A0xb25d4c8546937039!2sBrodomehanika%20d.o.o.!5e0!3m2!1sen!2shr!4v1704628904088!5m2!1sen!2shr\" width=\"100%\" height=\"450\" style=\"border:0;\" allowfullscreen=\"\" loading=\"lazy\" referrerpolicy=\"no-referrer-when-downgrade\"><\/iframe>\n\n\n\n<div style=\"height:50px\" aria-hidden=\"true\" class=\"wp-block-spacer\"><\/div>\n\n\n\n<blockquote class=\"wp-block-quote has-text-align-left is-style-default is-layout-flow wp-block-quote-is-layout-flow\">\n<p>You can't cross the sea merely by standing and staring at the water.<\/p>\n<cite>Rabindranath Tagore<\/cite><\/blockquote>\n\n\n\n<div style=\"height:50px\" aria-hidden=\"true\" class=\"wp-block-spacer\"><\/div>","protected":false},"excerpt":{"rendered":"<p>Op\u0107eniti upiti E-mail brodomehanika@brodomehanika.com servis@brodomehanika.com Mob. (+385) 91\/784-9140 (+385) 91\/209-8701 Adresa Polji\u010dka cesta 66 Podstrana, Splitsko-Dalmatinska \u017dupanija 21312 Hrvatska Radno vrijeme Pon &#8211; Pet: 08:00 &#8211; 16:00 Sub &#8211; Ned: Ne radimo Ne mo\u017eete pre\u0107i more na taj na\u010din \u0161to \u0107ete samo stajati i gledati u njega.&#8221; Rabindranath Tagore<\/p>","protected":false},"author":1,"featured_media":0,"parent":0,"menu_order":0,"comment_status":"closed","ping_status":"closed","template":"","meta":{"om_disable_all_campaigns":false,"ngg_post_thumbnail":0,"footnotes":""},"class_list":["post-21","page","type-page","status-publish","hentry"],"blocksy_meta":{"styles_descriptor":{"styles":{"desktop":"","tablet":"","mobile":""},"google_fonts":[],"version":6},"page_title_panel":"","has_hero_section":"default","f8afdc48e66417fee304f228652a1a9c":"","hero_section":"type-1","hero_elements":[{"id":"custom_title","enabled":true,"heading_tag":"h1","title":"Po\u010detna stranica"},{"id":"custom_description","enabled":true,"description_visibility":{"desktop":true,"tablet":true,"mobile":false}},{"id":"custom_meta","enabled":false,"meta_elements":[{"id":"author","enabled":true,"label":"Od","has_author_avatar":"yes","avatar_size":25},{"id":"post_date","enabled":true,"label":"Uklju\u010deno","date_format_source":"default","date_format":"M j, Y"},{"id":"updated_date","enabled":false,"label":"Uklju\u010deno","date_format_source":"default","date_format":"M j, Y"},{"id":"categories","enabled":false,"label":"u","style":"simple"},{"id":"comments","enabled":true}],"page_meta_elements":{"joined":true,"articles_count":true,"comments":true}},{"id":"breadcrumbs","enabled":false}],"6e4653fc2c271400dc72dfa3ccc97471":"","hero_alignment1":"CT_CSS_SKIP_RULE","hero_margin":40,"hero_alignment2":"center","hero_vertical_alignment":"center","931daa9a3dc7f5684793992c974b7e1f":"","hero_structure":"narrow","67aa25ff5b8ded68e869f60b795e420b":"","page_title_bg_type":"featured_image","custom_hero_background":{"attachment_id":null},"page_title_image_size":"full","parallax":{"desktop":false,"tablet":false,"mobile":false},"a0078d32493346bebc49b8736ac75071":"","hero_height":"250px","pageTitleFont":{"family":"Default","variation":"Default","size":"30px","line-height":"CT_CSS_SKIP_RULE","letter-spacing":"CT_CSS_SKIP_RULE","text-transform":"CT_CSS_SKIP_RULE","text-decoration":"CT_CSS_SKIP_RULE"},"pageTitleFontColor":{"default":{"color":"CT_CSS_SKIP_RULEDEFAULT"}},"pageMetaFont":{"family":"Default","variation":"n6","size":"12px","line-height":"1.3","letter-spacing":"CT_CSS_SKIP_RULE","text-transform":"uppercase","text-decoration":"CT_CSS_SKIP_RULE"},"pageMetaFontColor":{"default":{"color":"CT_CSS_SKIP_RULEDEFAULT"},"hover":{"color":"CT_CSS_SKIP_RULEDEFAULT"}},"page_meta_button_type_font_colors":{"default":{"color":"CT_CSS_SKIP_RULEDEFAULT"},"hover":{"color":"CT_CSS_SKIP_RULEDEFAULT"}},"page_meta_button_type_background_colors":{"default":{"color":"CT_CSS_SKIP_RULEDEFAULT"},"hover":{"color":"CT_CSS_SKIP_RULEDEFAULT"}},"pageExcerptFont":{"family":"Default","variation":"Default","size":"CT_CSS_SKIP_RULE","line-height":"CT_CSS_SKIP_RULE","letter-spacing":"CT_CSS_SKIP_RULE","text-transform":"CT_CSS_SKIP_RULE","text-decoration":"CT_CSS_SKIP_RULE"},"pageExcerptColor":{"default":{"color":"CT_CSS_SKIP_RULEDEFAULT"}},"breadcrumbsFont":{"family":"Default","variation":"Default","size":"CT_CSS_SKIP_RULE","line-height":"CT_CSS_SKIP_RULE","letter-spacing":"CT_CSS_SKIP_RULE","text-transform":"CT_CSS_SKIP_RULE","text-decoration":"CT_CSS_SKIP_RULE"},"breadcrumbsFontColor":{"default":{"color":"CT_CSS_SKIP_RULEDEFAULT"},"initial":{"color":"CT_CSS_SKIP_RULEDEFAULT"},"hover":{"color":"CT_CSS_SKIP_RULEDEFAULT"}},"pageTitleOverlay":{"background_type":"color","background_pattern":"type-1","background_image":{"attachment_id":null,"x":0,"y":0},"gradient":"linear-gradient(135deg,rgba(6,147,227,1) 0%,rgb(155,81,224) 100%)","background_repeat":"repeat","background_size":"auto","background_attachment":"scroll","patternColor":{"default":{"color":"#e5e7ea"}},"overlayColor":{"default":{"color":"CT_CSS_SKIP_RULE"}},"backgroundColor":{"default":{"color":"CT_CSS_SKIP_RULE"}}},"pageTitleBackground":{"background_type":"color","background_pattern":"type-1","background_image":{"attachment_id":null,"x":0,"y":0},"gradient":"linear-gradient(135deg,rgba(6,147,227,1) 0%,rgb(155,81,224) 100%)","background_repeat":"repeat","background_size":"auto","background_attachment":"scroll","patternColor":{"default":{"color":"#e5e7ea"}},"overlayColor":{"default":{"color":"CT_CSS_SKIP_RULE"}},"backgroundColor":{"default":{"color":"var(--theme-palette-color-6)"}}},"pageTitlePadding":{"top":"50px","bottom":"50px","left":"auto","right":"auto","linked":true},"d3266f4a52b505e15d9aeba0b0026ebc":"","page_structure_type":"type-4","2f3852c2dd4666affe8bc5b8386c9492":"","content_style_source":"inherit","content_style":"wide","vertical_spacing_source":"inherit","content_area_spacing":"both","background":{"background_type":"color","background_pattern":"type-1","background_image":{"attachment_id":null,"x":0,"y":0},"gradient":"linear-gradient(135deg,rgba(6,147,227,1) 0%,rgb(155,81,224) 100%)","background_repeat":"repeat","background_size":"auto","background_attachment":"scroll","patternColor":{"default":{"color":"#e5e7ea"}},"overlayColor":{"default":{"color":"CT_CSS_SKIP_RULE"}},"backgroundColor":{"default":{"color":"CT_CSS_SKIP_RULE"}}},"content_background":{"background_type":"color","background_pattern":"type-1","background_image":{"attachment_id":null,"x":0,"y":0},"gradient":"linear-gradient(135deg,rgba(6,147,227,1) 0%,rgb(155,81,224) 100%)","background_repeat":"repeat","background_size":"auto","background_attachment":"scroll","patternColor":{"default":{"color":"#e5e7ea"}},"overlayColor":{"default":{"color":"CT_CSS_SKIP_RULE"}},"backgroundColor":{"default":{"color":"var(--theme-palette-color-8)"}}},"content_boxed_shadow":{"inherit":false,"blur":18,"spread":-6,"v_offset":12,"h_offset":0,"inset":false,"enable":true,"color":{"color":"rgba(34, 56, 101, 0.04)"}},"content_boxed_border":{"width":1,"style":"none","color":{"color":"rgba(44,62,80,0.2)"}},"content_boxed_radius":{"top":"3px","bottom":"3px","left":"3px","right":"3px","linked":true},"boxed_content_spacing":{"desktop":{"top":"40px","bottom":"40px","left":"40px","right":"40px","linked":true},"tablet":{"top":"35px","bottom":"35px","left":"35px","right":"35px","linked":true},"mobile":{"top":"20px","bottom":"20px","left":"20px","right":"20px","linked":true}},"21fa109d8b7eefcf41a80efbbabb525b":"","disable_featured_image":"no","disable_share_box":"no","disable_header":"no","disable_footer":"no"},"aioseo_notices":[],"_links":{"self":[{"href":"https:\/\/brodomehanika.com\/en\/wp-json\/wp\/v2\/pages\/21","targetHints":{"allow":["GET"]}}],"collection":[{"href":"https:\/\/brodomehanika.com\/en\/wp-json\/wp\/v2\/pages"}],"about":[{"href":"https:\/\/brodomehanika.com\/en\/wp-json\/wp\/v2\/types\/page"}],"author":[{"embeddable":true,"href":"https:\/\/brodomehanika.com\/en\/wp-json\/wp\/v2\/users\/1"}],"replies":[{"embeddable":true,"href":"https:\/\/brodomehanika.com\/en\/wp-json\/wp\/v2\/comments?post=21"}],"version-history":[{"count":15,"href":"https:\/\/brodomehanika.com\/en\/wp-json\/wp\/v2\/pages\/21\/revisions"}],"predecessor-version":[{"id":844,"href":"https:\/\/brodomehanika.com\/en\/wp-json\/wp\/v2\/pages\/21\/revisions\/844"}],"wp:attachment":[{"href":"https:\/\/brodomehanika.com\/en\/wp-json\/wp\/v2\/media?parent=21"}],"curies":[{"name":"wp","href":"https:\/\/api.w.org\/{rel}","templated":true}]}}