{"id":340,"date":"2019-09-09T10:42:15","date_gmt":"2019-09-09T09:42:15","guid":{"rendered":"https:\/\/brodomehanika.com\/?page_id=340"},"modified":"2019-09-20T09:02:03","modified_gmt":"2019-09-20T08:02:03","slug":"lowrance","status":"publish","type":"page","link":"https:\/\/brodomehanika.com\/en\/lowrance\/","title":{"rendered":"Lowrance"},"content":{"rendered":"<div style=\"height:50px\" aria-hidden=\"true\" class=\"wp-block-spacer\"><\/div>\n\n\n\n<p style=\"color:#000000\" class=\"has-text-color has-normal-font-size\">Lowrance pioneered fishing technology 60 years ago and continues to perfect electronic equipment and applications today. CHIRP Sonar provides the best results for underwater imaging, both downward and on the sides. Highly precise built-in GPS maps and C-map charts enable navigation. Touchscreen technology with ultra-fast data processing allows easy configurations on high-resolution color LED displays. NMEA 2000\u00ae network communication via Bluetooth and Wi-Fi enables convenient connectivity for software upgrades, downloading, and remote control of Power-Poles via the touchscreen.<\/p>\n\n\n\n<h3 class=\"has-text-align-center wp-block-heading\" style=\"color:#104ba2\">Over 60 years of electronic technology.<\/h3>\n\n\n\n<div class=\"wp-block-image is-style-default\"><figure class=\"aligncenter size-large is-resized\"><img loading=\"lazy\" decoding=\"async\" src=\"https:\/\/www.lowrance.com\/globalassets\/lowrance\/homepage\/au\/main_banners_setupartboard-1-copy-2.jpg?w=1600&amp;h=900&amp;mode=max&amp;quality=80\" alt=\"Lowrance fishfinder\" width=\"720\" height=\"450\"\/><figcaption>Lowrance HDS12<\/figcaption><\/figure><\/div>\n\n\n\n<p style=\"color:#000000\" class=\"has-text-color has-normal-font-size\">In recent years, since the introduction of the first high-resolution multifunction display (HDS) in 2008, Lowrance has launched an incredible number of new products and features that truly redefine marine electronics \u2013 such as StructureScan\u00ae HD with SideScan and DownScan Imaging\u2122 views like a picture, Broadband sonar, Trackback\u2122 feature for scrolling back through live sonar history, Broadband 4G radar for high-resolution navigation in any and all conditions, StructureMap for creating custom chart data, and a wide range of products for mapping both freshwater and saltwater. Extremely user-friendly and packed with features that anglers worldwide know and love, Lowrance marine electronics continue to set a new standard for the best recreational fishing technology.<\/p>\n\n\n\n<figure class=\"wp-block-embed-youtube wp-block-embed is-type-video is-provider-youtube wp-embed-aspect-16-9 wp-has-aspect-ratio\"><div class=\"wp-block-embed__wrapper\">\n<iframe loading=\"lazy\" title=\"Lowrance Marine Electronics\" width=\"1290\" height=\"726\" src=\"https:\/\/www.youtube.com\/embed\/_XbD2Z0YXYA?feature=oembed\" frameborder=\"0\" allow=\"accelerometer; autoplay; clipboard-write; encrypted-media; gyroscope; picture-in-picture\" allowfullscreen><\/iframe>\n<\/div><\/figure>\n\n\n\n<hr class=\"wp-block-separator is-style-wide\"\/>\n\n\n\n<h3 class=\"has-text-align-left wp-block-heading\" style=\"color:#104ba2\">Lowrance is available in Brodomehanika's offerings.<\/h3>\n\n\n\n<p style=\"color:#000000\" class=\"has-text-color\">As an official distributor of Lowrance equipment, we offer a complete range of Lowrance products, from sonar and fishfinders to radar and VHF\/AIS radio systems.<\/p>\n\n\n\n<h4 class=\"wp-block-heading\" style=\"color:#104ba2\">Highlighted in our offerings:<\/h4>\n\n\n\n<div class=\"wp-block-media-text alignwide has-media-on-the-right is-vertically-aligned-center\"><figure class=\"wp-block-media-text__media\"><img loading=\"lazy\" decoding=\"async\" width=\"679\" height=\"500\" src=\"https:\/\/brodomehanika.com\/wp-content\/uploads\/2019\/09\/lowrance-hds-live.jpg\" alt=\"Lowrance HDS 12\" class=\"wp-image-450\" srcset=\"https:\/\/brodomehanika.com\/wp-content\/uploads\/2019\/09\/lowrance-hds-live.jpg 679w, https:\/\/brodomehanika.com\/wp-content\/uploads\/2019\/09\/lowrance-hds-live-300x221.jpg 300w, https:\/\/brodomehanika.com\/wp-content\/uploads\/2019\/09\/lowrance-hds-live-600x442.jpg 600w\" sizes=\"auto, (max-width: 679px) 100vw, 679px\" \/><\/figure><div class=\"wp-block-media-text__content\">\n<p style=\"color:#104ba2\" class=\"has-text-color has-medium-font-size\"><strong><a href=\"https:\/\/www.lowrance.com\/en-eu\/lowrance\/type\/fishfinders-chartplotters\/hds-12-live-row-xd-ai-3-in-1\">HDS LIVE<\/a><\/strong><\/p>\n\n\n\n<p style=\"color:#000000\" class=\"has-text-color\">The number one choice for finding fish.<\/p>\n<\/div><\/div>\n\n\n\n<p style=\"color:#000000\" class=\"has-text-color\">Equip your boat with the HDS LIVE 12 and gain access to top-notch fish-finding innovations with support for Active Imaging\u2122, real-time sonar LiveSight\u2122, StructureScan\u00ae 3D with Active Imaging, and Genesis Live mapping on the screen, plus the ability to view data in a hex-split screen.<\/p>\n\n\n\n<hr class=\"wp-block-separator is-style-wide\"\/>\n\n\n\n<div class=\"wp-block-media-text alignwide is-vertically-aligned-center\"><figure class=\"wp-block-media-text__media\"><img loading=\"lazy\" decoding=\"async\" width=\"624\" height=\"624\" src=\"https:\/\/brodomehanika.com\/wp-content\/uploads\/2019\/09\/lowrance-vhf-radio.jpg\" alt=\"\" class=\"wp-image-452\" srcset=\"https:\/\/brodomehanika.com\/wp-content\/uploads\/2019\/09\/lowrance-vhf-radio.jpg 624w, https:\/\/brodomehanika.com\/wp-content\/uploads\/2019\/09\/lowrance-vhf-radio-150x150.jpg 150w, https:\/\/brodomehanika.com\/wp-content\/uploads\/2019\/09\/lowrance-vhf-radio-300x300.jpg 300w, https:\/\/brodomehanika.com\/wp-content\/uploads\/2019\/09\/lowrance-vhf-radio-600x600.jpg 600w, https:\/\/brodomehanika.com\/wp-content\/uploads\/2019\/09\/lowrance-vhf-radio-100x100.jpg 100w\" sizes=\"auto, (max-width: 624px) 100vw, 624px\" \/><\/figure><div class=\"wp-block-media-text__content\">\n<p style=\"color:#104ba2\" class=\"has-text-color has-medium-font-size\"><strong><a href=\"https:\/\/www.lowrance.com\/en-eu\/lowrance\/type\/vhf-ais\/vhf-marine-radiodsc-ais-rxlink-9\/\">Link-9 VHF Radio<\/a><\/strong><\/p>\n\n\n\n<p style=\"color:#000000\" class=\"has-text-color\">It delivers complete communication; anywhere on the water.<\/p>\n<\/div><\/div>\n\n\n\n<p style=\"color:#000000\" class=\"has-text-color\">The Link-9 fixed-mount VHF radio delivers reliable performance and critical safety features, including a built-in GPS, internal dual-channel AIS receiver with AIS plot functionality, NMEA 2000\u00ae \/ 0183 connectivity, PA \/ Hailer Horn output with listen-back feature, Track your Buddy\u2122 technology, and a dedicated MOB button.<\/p>\n\n\n\n<hr class=\"wp-block-separator is-style-wide\"\/>\n\n\n\n<div class=\"wp-block-media-text alignwide has-media-on-the-right is-vertically-aligned-center\"><figure class=\"wp-block-media-text__media\"><img loading=\"lazy\" decoding=\"async\" width=\"500\" height=\"500\" src=\"https:\/\/brodomehanika.com\/wp-content\/uploads\/2019\/09\/lowrance-hook-2.jpg\" alt=\"\" class=\"wp-image-453\" srcset=\"https:\/\/brodomehanika.com\/wp-content\/uploads\/2019\/09\/lowrance-hook-2.jpg 500w, https:\/\/brodomehanika.com\/wp-content\/uploads\/2019\/09\/lowrance-hook-2-150x150.jpg 150w, https:\/\/brodomehanika.com\/wp-content\/uploads\/2019\/09\/lowrance-hook-2-300x300.jpg 300w, https:\/\/brodomehanika.com\/wp-content\/uploads\/2019\/09\/lowrance-hook-2-100x100.jpg 100w\" sizes=\"auto, (max-width: 500px) 100vw, 500px\" \/><\/figure><div class=\"wp-block-media-text__content\">\n<p style=\"color:#104ba2\" class=\"has-text-color has-medium-font-size\"><strong><a href=\"https:\/\/www.lowrance.com\/en-eu\/lowrance\/type\/fishfinders-chartplotters\/hook2-12-tripleshot-us-coastalwm--row\">HOOK\u00b2<\/a><\/strong><\/p>\n\n\n\n<p style=\"color:#000000\" class=\"has-text-color\">Our best-selling fishfinder, expertly tuned for fishing.<\/p>\n<\/div><\/div>\n\n\n\n<hr class=\"wp-block-separator is-style-wide\"\/>\n\n\n\n<p style=\"color:#000000\" class=\"has-text-color\">This is perfect for anglers who want a complete sonar experience. TripleShot 3-in-1 displays give you wide-angle High CHIRP sonar and SideScan \/ DownScan Imaging\u2122 with full chartplotter-like graphical plotting and basic GPS navigation capabilities. <\/p>\n\n\n\n<p style=\"color:#000000\" class=\"has-text-color has-text-align-center\">For more information, please feel free to contact us.<\/p>\n\n\n\n<div class=\"wp-block-button aligncenter is-style-outline is-style-outline--1\"><a class=\"wp-block-button__link has-text-color has-background\" style=\"background-color:#ffffff;color:#104ba2\">Contact<\/a><\/div>","protected":false},"excerpt":{"rendered":"<p>Lowrance je izumio ribolovnu tehnologiju prije 60 godina i danas nastavlja usavr\u0161avati elektroni\u010dku opremu i aplikacije. CHIRP Sonar pru\u017ea najbolje rezultate pri podvodnom snimanju, prema dolje i na bo\u010dne strane. Visoko precizne, ugra\u0111ene karte GPS-a i C-karte vode navigaciju. Tehnologija zaslona osjetljivog na dodir s ultra brzom obradom podataka omogu\u0107uje jednostavne konfiguracije na LED zaslonima [&hellip;]<\/p>","protected":false},"author":1,"featured_media":313,"parent":0,"menu_order":1,"comment_status":"closed","ping_status":"closed","template":"page-templates\/full-width.php","meta":{"om_disable_all_campaigns":false,"ngg_post_thumbnail":0,"footnotes":""},"class_list":["post-340","page","type-page","status-publish","has-post-thumbnail","hentry"],"blocksy_meta":{"styles_descriptor":{"styles":{"desktop":"","tablet":"","mobile":""},"google_fonts":[],"version":6}},"aioseo_notices":[],"_links":{"self":[{"href":"https:\/\/brodomehanika.com\/en\/wp-json\/wp\/v2\/pages\/340","targetHints":{"allow":["GET"]}}],"collection":[{"href":"https:\/\/brodomehanika.com\/en\/wp-json\/wp\/v2\/pages"}],"about":[{"href":"https:\/\/brodomehanika.com\/en\/wp-json\/wp\/v2\/types\/page"}],"author":[{"embeddable":true,"href":"https:\/\/brodomehanika.com\/en\/wp-json\/wp\/v2\/users\/1"}],"replies":[{"embeddable":true,"href":"https:\/\/brodomehanika.com\/en\/wp-json\/wp\/v2\/comments?post=340"}],"version-history":[{"count":10,"href":"https:\/\/brodomehanika.com\/en\/wp-json\/wp\/v2\/pages\/340\/revisions"}],"predecessor-version":[{"id":458,"href":"https:\/\/brodomehanika.com\/en\/wp-json\/wp\/v2\/pages\/340\/revisions\/458"}],"wp:featuredmedia":[{"embeddable":true,"href":"https:\/\/brodomehanika.com\/en\/wp-json\/wp\/v2\/media\/313"}],"wp:attachment":[{"href":"https:\/\/brodomehanika.com\/en\/wp-json\/wp\/v2\/media?parent=340"}],"curies":[{"name":"wp","href":"https:\/\/api.w.org\/{rel}","templated":true}]}}