{"id":370,"date":"2019-09-16T13:40:40","date_gmt":"2019-09-16T12:40:40","guid":{"rendered":"https:\/\/brodomehanika.com\/?page_id=370"},"modified":"2019-09-20T12:37:16","modified_gmt":"2019-09-20T11:37:16","slug":"dometic-brodska-oprema","status":"publish","type":"page","link":"https:\/\/brodomehanika.com\/en\/dometic-brodska-oprema\/","title":{"rendered":"Dometic boat equipment"},"content":{"rendered":"<hr class=\"wp-block-separator is-style-wide\"\/>\n\n\n\n<p style=\"color:#000000\" class=\"has-text-color\"> Dometic emerged as a brand in the United States in 1968 when Electrolux Leisure Appliances was still part of the Electrolux group. It was a natural choice to name the company Dometic when Electrolux sold the Leisure Appliances division to EQT in 2001. Dometic's business initially revolved around the invention of absorption cooling technology, dating back to 1922 when it was invented by Carl Munters and Baltzar von Platen. Dometic is still a specialist in absorption cooling. <\/p>\n\n\n\n<p style=\"color:#000000\" class=\"has-text-color\"> Dometic designs and manufactures high-quality, innovative products for the RV, marine, hotel, and automotive industries. Under the Dometic brand, it supplies these industries with a wide range of appliances and products. <\/p>\n\n\n\n<p style=\"color:#000000\" class=\"has-text-color\"> Dometic enables mobility worldwide, allowing you to feel comfortable even when you're far from home. <\/p>\n\n\n\n<p style=\"color:#000000\" class=\"has-text-color\"> While the strength of the Dometic brand lies in the innovation of absorption technology, it later expanded into innovations in kitchen equipment, climate control products, sanitary products, and other equipment that are true representatives of a global brand. Along with the quality of products and services, it aims to provide the best possible customer experience, based on carefully designed and implemented innovations.<\/p>\n\n\n\n<p style=\"color:#000000\" class=\"has-text-color\"> Dometic listens to the needs of users to get a clear picture of the solutions required. This allows them to provide a full range of technologically superior, high-quality products \u2013 medical refrigerators, portable sanitary products, refrigerators, air conditioning, and many others, along with excellent after-sales services.<\/p>\n\n\n\n<p style=\"color:#000000\" class=\"has-text-color\"> The DOMETIC brand is now associated with comfort and the quality their products provide on the market. Users trust DOMETIC when embarking on various adventures and long journeys. DOMETIC is part of the DOMETIC Group.<\/p>\n\n\n\n<div class=\"wp-block-media-text alignwide has-media-on-the-right\"><figure class=\"wp-block-media-text__media\"><img loading=\"lazy\" decoding=\"async\" width=\"350\" height=\"350\" src=\"https:\/\/brodomehanika.com\/wp-content\/uploads\/2019\/09\/dometic-turbo-series.png\" alt=\"\" class=\"wp-image-460\" srcset=\"https:\/\/brodomehanika.com\/wp-content\/uploads\/2019\/09\/dometic-turbo-series.png 350w, https:\/\/brodomehanika.com\/wp-content\/uploads\/2019\/09\/dometic-turbo-series-150x150.png 150w, https:\/\/brodomehanika.com\/wp-content\/uploads\/2019\/09\/dometic-turbo-series-300x300.png 300w, https:\/\/brodomehanika.com\/wp-content\/uploads\/2019\/09\/dometic-turbo-series-100x100.png 100w\" sizes=\"auto, (max-width: 350px) 100vw, 350px\" \/><\/figure><div class=\"wp-block-media-text__content\">\n<p style=\"color:#000000\" class=\"has-text-color has-medium-font-size\"><strong>Turbo series AC<\/strong><\/p>\n\n\n\n<p style=\"color:#000000\" class=\"has-text-color\">Stand-alone air conditioner ranging from 6000 BTU\/h to 16000 BTU\/h.<\/p>\n<\/div><\/div>\n\n\n\n<ul class=\"wp-block-list\"><li>Dostupno u 230V 50Hz, 230V 60Hz, 115V 60Hz<\/li><li> Do 21% pove\u0107ani kapacitet hla\u0111enja i do 27% energetski u\u010dinkovitiji<\/li><li> Dizajnirani iznutra, s vi\u0161estrukim patentiranim inovacijama<\/li><li> Kompaktan dizajn koristi manje prostora<\/li><li> Vibracijski izolacijski dr\u017ea\u010di smanjuju buku i vibracije<\/li><li> Kompozitni spremnik za odvod bez hr\u0111e<\/li><li> Projektirani su da maksimiziraju performanse rashladnog sredstva R-410A<\/li><\/ul>\n\n\n\n<hr class=\"wp-block-separator is-style-wide\"\/>\n\n\n\n<div class=\"wp-block-media-text alignwide\"><figure class=\"wp-block-media-text__media\"><img loading=\"lazy\" decoding=\"async\" width=\"350\" height=\"350\" src=\"https:\/\/brodomehanika.com\/wp-content\/uploads\/2019\/09\/dometic-crx-series.png\" alt=\"\" class=\"wp-image-461\" srcset=\"https:\/\/brodomehanika.com\/wp-content\/uploads\/2019\/09\/dometic-crx-series.png 350w, https:\/\/brodomehanika.com\/wp-content\/uploads\/2019\/09\/dometic-crx-series-150x150.png 150w, https:\/\/brodomehanika.com\/wp-content\/uploads\/2019\/09\/dometic-crx-series-300x300.png 300w, https:\/\/brodomehanika.com\/wp-content\/uploads\/2019\/09\/dometic-crx-series-100x100.png 100w\" sizes=\"auto, (max-width: 350px) 100vw, 350px\" \/><\/figure><div class=\"wp-block-media-text__content\">\n<p style=\"color:#000000\" class=\"has-text-color has-medium-font-size\"><strong>CRX series refrigerator<\/strong><\/p>\n\n\n\n<p style=\"color:#000000\" class=\"has-text-color\">The CRX series is a chameleon refrigerator: refrigerator, freezer, or deep freezer.<strong> VI BIRATE.<\/strong><\/p>\n<\/div><\/div>\n\n\n\n<ul class=\"wp-block-list\"><li>Patentirani izmjenjivi pretinac za zamrzavanje<\/li><li> Nudi rje\u0161enje 3 u 1: hladnjak, zamrziva\u010d ili oboje istovremeno!<\/li><li> Regulacija temperature i kontrola brzine kompresora omogu\u0107uju visoko u\u010dinkovitu potro\u0161nju energije<\/li><li> Izrezani rub na stra\u017enjoj strani za optimalno iskori\u0161tavanje prostora na brodu<\/li><li> Brave s dvostrukim funkcijama tako\u0111er mogu djelovati kao otvori za va\u0161 hladnjak<\/li><li> Vrata s nehr\u0111aju\u0107im \u010deli\u010dnim prednjim dijelom za vrhunski izgled<\/li><li> Standardni ili ugradbeni instalacijski okvir dostupan je kao dodatak<\/li><\/ul>\n\n\n\n<hr class=\"wp-block-separator is-style-wide\"\/>\n\n\n\n<div class=\"wp-block-media-text alignwide has-media-on-the-right\"><figure class=\"wp-block-media-text__media\"><img loading=\"lazy\" decoding=\"async\" width=\"350\" height=\"350\" src=\"https:\/\/brodomehanika.com\/wp-content\/uploads\/2019\/09\/dometic-masterflush.png\" alt=\"\" class=\"wp-image-462\" srcset=\"https:\/\/brodomehanika.com\/wp-content\/uploads\/2019\/09\/dometic-masterflush.png 350w, https:\/\/brodomehanika.com\/wp-content\/uploads\/2019\/09\/dometic-masterflush-150x150.png 150w, https:\/\/brodomehanika.com\/wp-content\/uploads\/2019\/09\/dometic-masterflush-300x300.png 300w, https:\/\/brodomehanika.com\/wp-content\/uploads\/2019\/09\/dometic-masterflush-100x100.png 100w\" sizes=\"auto, (max-width: 350px) 100vw, 350px\" \/><\/figure><div class=\"wp-block-media-text__content\">\n<p style=\"color:#000000\" class=\"has-text-color has-medium-font-size\"> <strong>MASTERFLUSH 7000<\/strong> <\/p>\n\n\n\n<p style=\"color:#000000\" class=\"has-text-color\">Running out of space? Choose the space-saving, rotating, macerating, and smart MASTERFLUSH 7000.<\/p>\n<\/div><\/div>\n\n\n\n<ul class=\"wp-block-list\"><li>12\/24V, slatkovodni ili morski<\/li><li>U\u0161teda prostora zahvaljuju\u0107i 360 \u00b0 Orbit tehnologiji<\/li><li> Energetski u\u010dinkovita i mala potro\u0161nja vode<\/li><li> Model standardne visine sa stambenim omjerima<\/li><li> Vrlo u\u010dinkovit sustav maceratora<\/li><li> Drvena okrugla sjedala s estetskim konturama izme\u0111u sjedi\u0161ta i zdjele<\/li><li> Potpuna i ravna le\u0111a skrivaju sav vodovod kada se gleda odozgo<\/li><li> Performanse bez problema i mirisa<\/li><\/ul>\n\n\n\n<hr class=\"wp-block-separator is-style-wide\"\/>\n\n\n\n<p style=\"color:#000000\" class=\"has-text-color has-text-align-center\">For more information and product details, please contact us.<\/p>\n\n\n\n<div class=\"wp-block-button aligncenter\"><a class=\"wp-block-button__link\" href=\"https:\/\/brodomehanika.com\/en\/kontakt\/\">Contact<\/a><\/div>","protected":false},"excerpt":{"rendered":"<p>DOMETIC je nastao kao brand u SAD-u 1968. kada je Electrolux Leisure Appliances jo\u0161 uvijek bio dio Electrolux grupe. Bilo je prirodno da se DOMETIC odabere kao naziv poduze\u0107a kada je Electrolux 2001. prodao diviziju Leisure Appliances EQT-u. DOMETIC-ovo poslovanje se u po\u010detcima temeljilo na izumu apsorpcijske tehnologije hla\u0111enja, \u0161to se\u017ee do daleke 1922.godine kada [&hellip;]<\/p>","protected":false},"author":1,"featured_media":371,"parent":0,"menu_order":1,"comment_status":"closed","ping_status":"closed","template":"page-templates\/full-width.php","meta":{"om_disable_all_campaigns":false,"ngg_post_thumbnail":0,"footnotes":""},"class_list":["post-370","page","type-page","status-publish","has-post-thumbnail","hentry"],"blocksy_meta":{"styles_descriptor":{"styles":{"desktop":"","tablet":"","mobile":""},"google_fonts":[],"version":6}},"aioseo_notices":[],"_links":{"self":[{"href":"https:\/\/brodomehanika.com\/en\/wp-json\/wp\/v2\/pages\/370","targetHints":{"allow":["GET"]}}],"collection":[{"href":"https:\/\/brodomehanika.com\/en\/wp-json\/wp\/v2\/pages"}],"about":[{"href":"https:\/\/brodomehanika.com\/en\/wp-json\/wp\/v2\/types\/page"}],"author":[{"embeddable":true,"href":"https:\/\/brodomehanika.com\/en\/wp-json\/wp\/v2\/users\/1"}],"replies":[{"embeddable":true,"href":"https:\/\/brodomehanika.com\/en\/wp-json\/wp\/v2\/comments?post=370"}],"version-history":[{"count":4,"href":"https:\/\/brodomehanika.com\/en\/wp-json\/wp\/v2\/pages\/370\/revisions"}],"predecessor-version":[{"id":465,"href":"https:\/\/brodomehanika.com\/en\/wp-json\/wp\/v2\/pages\/370\/revisions\/465"}],"wp:featuredmedia":[{"embeddable":true,"href":"https:\/\/brodomehanika.com\/en\/wp-json\/wp\/v2\/media\/371"}],"wp:attachment":[{"href":"https:\/\/brodomehanika.com\/en\/wp-json\/wp\/v2\/media?parent=370"}],"curies":[{"name":"wp","href":"https:\/\/api.w.org\/{rel}","templated":true}]}}