{"id":550,"date":"2019-11-08T13:15:49","date_gmt":"2019-11-08T12:15:49","guid":{"rendered":"https:\/\/brodomehanika.com\/?page_id=550"},"modified":"2020-05-18T16:42:51","modified_gmt":"2020-05-18T14:42:51","slug":"suzuki-servis","status":"publish","type":"page","link":"https:\/\/brodomehanika.com\/en\/suzuki-servis\/","title":{"rendered":"Suzuki Repairs"},"content":{"rendered":"<div style=\"height:50px\" aria-hidden=\"true\" class=\"wp-block-spacer\"><\/div>\n\n\n\n<h3 class=\"wp-block-heading\">Certified personnel<\/h3>\n\n\n\n<p>Brodomehanika is an authorized service for Suzuki Marine products.<\/p>\n\n\n\n<p>All our technicians have the necessary certificates and required experience to ensure the highest quality of service and maintenance.<\/p>\n\n\n\n<h3 class=\"wp-block-heading\">Original parts<\/h3>\n\n\n\n<p>We exclusively use original parts ordered directly from the manufacturer due to strict quality control, ensuring we provide you with the highest quality service for your Suzuki engines.<\/p>\n\n\n\n<p class=\"has-text-color\" style=\"color:#000000\">For more information, please contact us via the button below.<\/p>\n\n\n\n<div class=\"wp-block-button aligncenter is-style-squared\"><a class=\"wp-block-button__link has-background\" href=\"https:\/\/brodomehanika.com\/en\/kontakt\/\" style=\"border-radius:1px;background-color:#000000\">Contact<\/a><\/div>","protected":false},"excerpt":{"rendered":"<p>Certificirano osoblje Brodomehanika je ovla\u0161teni servis Suzuki Marine proizvoda. Svi na\u0161i serviseri imaju potrebne certifikate te potrebno iskustvo da bi osigurali \u0161to vi\u0161u kvalitetu servisa i odr\u017eavanja. Originalni dijelovi Koristimo isklju\u010divo originalne dijelove naru\u010dene direktno od proizvo\u0111a\u010da zbog stroge kontrole kvalitete i mogu\u0107nosti da Vam pru\u017eimo \u0161to kvalitetniju uslugu servisa va\u0161ih Suzuki motora. Za vi\u0161e [&hellip;]<\/p>","protected":false},"author":1,"featured_media":0,"parent":0,"menu_order":0,"comment_status":"closed","ping_status":"closed","template":"","meta":{"om_disable_all_campaigns":false,"ngg_post_thumbnail":0,"footnotes":""},"class_list":["post-550","page","type-page","status-publish","hentry"],"blocksy_meta":{"styles_descriptor":{"styles":{"desktop":"","tablet":"","mobile":""},"google_fonts":[],"version":6}},"aioseo_notices":[],"_links":{"self":[{"href":"https:\/\/brodomehanika.com\/en\/wp-json\/wp\/v2\/pages\/550","targetHints":{"allow":["GET"]}}],"collection":[{"href":"https:\/\/brodomehanika.com\/en\/wp-json\/wp\/v2\/pages"}],"about":[{"href":"https:\/\/brodomehanika.com\/en\/wp-json\/wp\/v2\/types\/page"}],"author":[{"embeddable":true,"href":"https:\/\/brodomehanika.com\/en\/wp-json\/wp\/v2\/users\/1"}],"replies":[{"embeddable":true,"href":"https:\/\/brodomehanika.com\/en\/wp-json\/wp\/v2\/comments?post=550"}],"version-history":[{"count":3,"href":"https:\/\/brodomehanika.com\/en\/wp-json\/wp\/v2\/pages\/550\/revisions"}],"predecessor-version":[{"id":631,"href":"https:\/\/brodomehanika.com\/en\/wp-json\/wp\/v2\/pages\/550\/revisions\/631"}],"wp:attachment":[{"href":"https:\/\/brodomehanika.com\/en\/wp-json\/wp\/v2\/media?parent=550"}],"curies":[{"name":"wp","href":"https:\/\/api.w.org\/{rel}","templated":true}]}}